{"id":1160,"date":"2022-12-06T11:17:20","date_gmt":"2022-12-06T11:17:20","guid":{"rendered":"https:\/\/www.platzhirschclub-davos.com\/?page_id=1160"},"modified":"2022-12-14T07:40:24","modified_gmt":"2022-12-14T07:40:24","slug":"reservation","status":"publish","type":"page","link":"https:\/\/www.platzhirschclub-davos.com\/en\/reservation\/","title":{"rendered":"Booking"},"content":{"rendered":"<div data-elementor-type=\"wp-page\" data-elementor-id=\"1160\" class=\"elementor elementor-1160\">\n\t\t\t\t\t\t<section class=\"elementor-section elementor-top-section elementor-element elementor-element-4892a62 elementor-section-boxed elementor-section-height-default elementor-section-height-default\" data-id=\"4892a62\" data-element_type=\"section\" data-settings=\"{&quot;background_background&quot;:&quot;classic&quot;}\">\n\t\t\t\t\t\t<div class=\"elementor-container elementor-column-gap-default\">\n\t\t\t\t\t<div class=\"elementor-column elementor-col-100 elementor-top-column elementor-element elementor-element-ecb9437\" data-id=\"ecb9437\" data-element_type=\"column\">\n\t\t\t<div class=\"elementor-widget-wrap elementor-element-populated\">\n\t\t\t\t\t\t<div class=\"elementor-element elementor-element-fb553f3 elementor-widget elementor-widget-image\" data-id=\"fb553f3\" data-element_type=\"widget\" data-widget_type=\"image.default\">\n\t\t\t\t<div class=\"elementor-widget-container\">\n\t\t\t\t\t\t\t\t\t\t\t\t\t\t\t<img decoding=\"async\" width=\"150\" height=\"106\" src=\"https:\/\/www.platzhirschclub-davos.com\/wp-content\/uploads\/2022\/12\/logo3-e1670078676313.png\" class=\"attachment-large size-large wp-image-538\" alt=\"logo-platzhirschclub\" \/>\t\t\t\t\t\t\t\t\t\t\t\t\t\t\t<\/div>\n\t\t\t\t<\/div>\n\t\t\t\t<div class=\"elementor-element elementor-element-56c7c6d elementor-widget elementor-widget-heading\" data-id=\"56c7c6d\" data-element_type=\"widget\" data-widget_type=\"heading.default\">\n\t\t\t\t<div class=\"elementor-widget-container\">\n\t\t\t\t\t<h2 class=\"elementor-heading-title elementor-size-default\">Request seat reservation<\/h2>\t\t\t\t<\/div>\n\t\t\t\t<\/div>\n\t\t\t\t<div class=\"elementor-element elementor-element-da7c9d3 elementor-widget elementor-widget-text-editor\" data-id=\"da7c9d3\" data-element_type=\"widget\" data-widget_type=\"text-editor.default\">\n\t\t\t\t<div class=\"elementor-widget-container\">\n\t\t\t\t\t\t\t\t\t<p>Send us your reservation request using the contact form below. For the definitive confirmation we will call you or you will receive a confirmation e-mail from us to your e-mail address.<\/p>\t\t\t\t\t\t\t\t<\/div>\n\t\t\t\t<\/div>\n\t\t\t\t<div class=\"elementor-element elementor-element-e13ad45 elementor-widget elementor-widget-shortcode\" data-id=\"e13ad45\" data-element_type=\"widget\" data-widget_type=\"shortcode.default\">\n\t\t\t\t<div class=\"elementor-widget-container\">\n\t\t\t\t\t\t\t<div class=\"elementor-shortcode\">\r\n<style type=\"text\/css\">\r\n\r\n\r\n\r\n\r\n\r\n\r\n\r\n\r\n\r\n\tbody #wpforms-1784 .wpforms-form .wpforms-field input[type=text],\r\n\tbody #wpforms-1784 .wpforms-form .wpforms-field input[type=email],\r\n\tbody #wpforms-1784 .wpforms-form .wpforms-field input[type=tel],\r\n\tbody #wpforms-1784 .wpforms-form .wpforms-field input[type=url],\r\n\tbody #wpforms-1784 .wpforms-form .wpforms-field input[type=password],\r\n\tbody #wpforms-1784 .wpforms-form .wpforms-field input[type=number]\r\n\t{\r\n\t\tbackground-color:#2d2d2d ;color:#ffffff ;\t\tborder-width: 1px;\t}\r\n\r\n\tbody #wpforms-1784 .wpforms-form .wpforms-field .wpforms-field-row\r\n\t{\r\n\t\t\t}\r\n\r\n\tbody #wpforms-1784 .wpforms-form .wpforms-field-layout.wpforms-field input[type=text],\r\n\tbody #wpforms-1784 .wpforms-form .wpforms-field-layout.wpforms-field input[type=email],\r\n\tbody #wpforms-1784 .wpforms-form .wpforms-field-layout.wpforms-field input[type=tel],\r\n\tbody #wpforms-1784 .wpforms-form .wpforms-field-layout.wpforms-field input[type=url],\r\n\tbody #wpforms-1784 .wpforms-form .wpforms-field-layout.wpforms-field input[type=password],\r\n\tbody #wpforms-1784 .wpforms-form .wpforms-field-layout.wpforms-field input[type=number]{\r\n\t\twidth: 100%;\r\n\t}\r\n\r\n\tbody #wpforms-1784 .wpforms-form .wpforms-field .wpforms-field-row input[type=text]{\r\n\t\twidth: 100%;\r\n\t}\r\n\r\n\r\n\r\n\r\n\r\n\tbody #wpforms-1784 .wpforms-form .wpforms-field textarea {\r\n\t\tbackground-color:#2d2d2d ;\t\t\tborder-width: 1px;\t}\r\n\r\n\r\n \r\n\tbody #wpforms-1784 .wpforms-form .wpforms-field .wpforms-field-description {\r\n\r\n\t\t\t}\r\n\r\n \r\n\tbody #wpforms-1784 .wpforms-form .wpforms-field label.wpforms-field-label,\r\n\tbody #wpforms-1784 .wpforms-form .wpforms-field .wpforms-field-label {\r\n\t\t\t}\r\n\r\n\r\n\/* Styling for Tablets *\/\r\n@media only screen and (max-width: 800px) and (min-width:481px) {\r\n\t\r\n\r\n\r\n\r\n}\r\n\r\n@media only screen and (max-width: 480px){\r\n\t\r\n\r\n\r\n\r\n}\r\n\/*Option to add custom CSS *\/\r\n\r\n\r\n\r\n\t\t<\/style>\r\n\t\t<div class=\"wpforms-container wpforms-container-full\" id=\"wpforms-1784\"><form id=\"wpforms-form-1784\" class=\"wpforms-validate wpforms-form wpforms-ajax-form\" data-formid=\"1784\" method=\"post\" enctype=\"multipart\/form-data\" action=\"\/en\/wp-json\/wp\/v2\/pages\/1160\" data-token=\"d0d83919243d05dce04055fc38d87564\" data-trp-original-action=\"\/en\/wp-json\/wp\/v2\/pages\/1160\"><noscript class=\"wpforms-error-noscript\">Please enable JavaScript in your browser to complete this form.<\/noscript><div class=\"wpforms-field-container\"><div id=\"wpforms-1784-field_13-container\" class=\"wpforms-field wpforms-field-layout\" data-field-id=\"13\"><label class=\"wpforms-field-label wpforms-label-hide\" for=\"wpforms-1784-field_13\">Layout<\/label><div class=\"wpforms-field-layout-columns wpforms-field-layout-preset-33-33-33\"><div class=\"wpforms-layout-column wpforms-layout-column-33\"><div id=\"wpforms-1784-field_0-container\" class=\"wpforms-field wpforms-field-name\" data-field-id=\"0\"><label class=\"wpforms-field-label\" for=\"wpforms-1784-field_0\">First name <span class=\"wpforms-required-label\">*<\/span><\/label><input type=\"text\" id=\"wpforms-1784-field_0\" class=\"wpforms-field-large wpforms-field-required\" name=\"wpforms[fields][0]\" placeholder=\"Your first name\" required><\/div><\/div><div class=\"wpforms-layout-column wpforms-layout-column-33\"><div id=\"wpforms-1784-field_14-container\" class=\"wpforms-field wpforms-field-name\" data-field-id=\"14\"><label class=\"wpforms-field-label\" for=\"wpforms-1784-field_14\">Last name <span class=\"wpforms-required-label\">*<\/span><\/label><input type=\"text\" id=\"wpforms-1784-field_14\" class=\"wpforms-field-medium wpforms-field-required\" name=\"wpforms[fields][14]\" placeholder=\"Your last name\" required><\/div><\/div><div class=\"wpforms-layout-column wpforms-layout-column-33\"><div id=\"wpforms-1784-field_17-container\" class=\"wpforms-field wpforms-field-text\" data-field-id=\"17\"><label class=\"wpforms-field-label\" for=\"wpforms-1784-field_17\">Phone <span class=\"wpforms-required-label\">*<\/span><\/label><input type=\"text\" id=\"wpforms-1784-field_17\" class=\"wpforms-field-medium wpforms-field-required\" name=\"wpforms[fields][17]\" placeholder=\"Your phone number\" required><\/div><\/div><\/div><\/div><div id=\"wpforms-1784-field_8-container\" class=\"wpforms-field wpforms-field-layout\" data-field-id=\"8\"><label class=\"wpforms-field-label wpforms-label-hide\" for=\"wpforms-1784-field_8\">Layout<\/label><div class=\"wpforms-field-layout-columns wpforms-field-layout-preset-33-33-33\"><div class=\"wpforms-layout-column wpforms-layout-column-33\"><div id=\"wpforms-1784-field_6-container\" class=\"wpforms-field wpforms-field-date-time\" data-field-id=\"6\"><label class=\"wpforms-field-label\" for=\"wpforms-1784-field_6\">Date <span class=\"wpforms-required-label\">*<\/span><\/label><div class=\"wpforms-datepicker-wrap\"><input type=\"text\" id=\"wpforms-1784-field_6\" class=\"wpforms-field-date-time-date wpforms-datepicker wpforms-field-required wpforms-field-medium\" data-date-format=\"d\/m\/Y\" data-disable-past-dates=\"0\" data-input=\"true\" name=\"wpforms[fields][6][date]\" placeholder=\"Date\" required><a title=\"Clear Date\" data-clear class=\"wpforms-datepicker-clear\" style=\"display:none;\"><\/a><\/div><\/div><\/div><div class=\"wpforms-layout-column wpforms-layout-column-33\"><div id=\"wpforms-1784-field_9-container\" class=\"wpforms-field wpforms-field-date-time\" data-field-id=\"9\"><label class=\"wpforms-field-label\" for=\"wpforms-1784-field_9\">Time <span class=\"wpforms-required-label\">*<\/span><\/label><input type=\"text\" id=\"wpforms-1784-field_9-time\" class=\"wpforms-field-date-time-time wpforms-timepicker wpforms-field-required wpforms-field-medium\" data-time-format=\"H:i\" data-step=\"30\" data-rule-time24h=\"true\" data-min-time=\"22:00\" data-max-time=\"04:00\" data-rule-time-limit=\"true\" name=\"wpforms[fields][9][time]\" placeholder=\"Time\" required><\/div><\/div><div class=\"wpforms-layout-column wpforms-layout-column-33\"><div id=\"wpforms-1784-field_7-container\" class=\"wpforms-field wpforms-field-number\" data-field-id=\"7\"><label class=\"wpforms-field-label\" for=\"wpforms-1784-field_7\">Number of guests <span class=\"wpforms-required-label\">*<\/span><\/label><input type=\"number\" pattern=\"\\d*\" id=\"wpforms-1784-field_7\" class=\"wpforms-field-medium wpforms-field-required\" name=\"wpforms[fields][7]\" placeholder=\"Number of people\" required><\/div><\/div><\/div><\/div><div id=\"wpforms-1784-field_1-container\" class=\"wpforms-field wpforms-field-email\" data-field-id=\"1\"><label class=\"wpforms-field-label\" for=\"wpforms-1784-field_1\">eMail <span class=\"wpforms-required-label\">*<\/span><\/label><input type=\"email\" id=\"wpforms-1784-field_1\" class=\"wpforms-field-large wpforms-field-required\" name=\"wpforms[fields][1]\" placeholder=\"eMail Adress\" spellcheck=\"false\" required><\/div><div id=\"wpforms-1784-field_19-container\" class=\"wpforms-field wpforms-field-textarea\" data-field-id=\"19\"><label class=\"wpforms-field-label\" for=\"wpforms-1784-field_19\">Bemerkungen<\/label><textarea id=\"wpforms-1784-field_19\" class=\"wpforms-field-medium\" name=\"wpforms[fields][19]\" ><\/textarea><\/div><\/div><!-- .wpforms-field-container --><div class=\"wpforms-submit-container\" ><input type=\"hidden\" name=\"wpforms[id]\" value=\"1784\"><input type=\"hidden\" name=\"wpforms[author]\" value=\"1\"><button type=\"submit\" name=\"wpforms[submit]\" id=\"wpforms-submit-1784\" class=\"wpforms-submit\" data-alt-text=\"Senden\u2026\" data-submit-text=\"Absenden\" aria-live=\"assertive\" value=\"wpforms-submit\">Submit<\/button><img decoding=\"async\" src=\"https:\/\/www.platzhirschclub-davos.com\/wp-content\/plugins\/wpforms\/assets\/images\/submit-spin.svg\" class=\"wpforms-submit-spinner\" style=\"display: none;\" width=\"26\" height=\"26\" alt=\"Loading\"><\/div><input type=\"hidden\" name=\"trp-form-language\" value=\"en\"\/><\/form><\/div>  <!-- .wpforms-container --><\/div>\n\t\t\t\t\t\t<\/div>\n\t\t\t\t<\/div>\n\t\t\t\t\t<\/div>\n\t\t<\/div>\n\t\t\t\t\t<\/div>\n\t\t<\/section>\n\t\t\t\t<section class=\"elementor-section elementor-top-section elementor-element elementor-element-54fa776 elementor-section-full_width elementor-section-height-default elementor-section-height-default\" data-id=\"54fa776\" data-element_type=\"section\">\n\t\t\t\t\t\t<div class=\"elementor-container elementor-column-gap-no\">\n\t\t\t\t\t<div class=\"elementor-column elementor-col-33 elementor-top-column elementor-element elementor-element-f62942c\" data-id=\"f62942c\" data-element_type=\"column\">\n\t\t\t<div class=\"elementor-widget-wrap elementor-element-populated\">\n\t\t\t\t\t\t<div class=\"elementor-element elementor-element-444a810 elementor-widget elementor-widget-image\" data-id=\"444a810\" data-element_type=\"widget\" data-widget_type=\"image.default\">\n\t\t\t\t<div class=\"elementor-widget-container\">\n\t\t\t\t\t\t\t\t\t\t\t\t\t\t\t<img decoding=\"async\" src=\"https:\/\/www.platzhirschclub-davos.com\/wp-content\/uploads\/elementor\/thumbs\/banner_platzhirsch_444ee_lg-pyu3y6rmpzvvtaga2w6ah7zfmjp756b9eoyvanlcyq.jpg\" title=\"banner_platzhirsch_444ee_lg\" alt=\"banner_platzhirsch_444ee_lg\" loading=\"lazy\" \/>\t\t\t\t\t\t\t\t\t\t\t\t\t\t\t<\/div>\n\t\t\t\t<\/div>\n\t\t\t\t\t<\/div>\n\t\t<\/div>\n\t\t\t\t<div class=\"elementor-column elementor-col-66 elementor-top-column elementor-element elementor-element-9ad60e7\" data-id=\"9ad60e7\" data-element_type=\"column\">\n\t\t\t<div class=\"elementor-widget-wrap elementor-element-populated\">\n\t\t\t\t\t\t<div class=\"elementor-element elementor-element-ee55a77 elementor-widget elementor-widget-google_maps\" data-id=\"ee55a77\" data-element_type=\"widget\" data-widget_type=\"google_maps.default\">\n\t\t\t\t<div class=\"elementor-widget-container\">\n\t\t\t\t\t\t\t<div class=\"elementor-custom-embed\">\n\t\t\t<iframe loading=\"lazy\"\n\t\t\t\t\tsrc=\"https:\/\/maps.google.com\/maps?q=Platzhirsch%2CPromenade%2063%2C7270%20Davos&#038;t=m&#038;z=18&#038;output=embed&#038;iwloc=near\"\n\t\t\t\t\ttitle=\"Platzhirsch,Promenade 63,7270 Davos\"\n\t\t\t\t\taria-label=\"Platzhirsch,Promenade 63,7270 Davos\"\n\t\t\t><\/iframe>\n\t\t<\/div>\n\t\t\t\t\t\t<\/div>\n\t\t\t\t<\/div>\n\t\t\t\t\t<\/div>\n\t\t<\/div>\n\t\t\t\t\t<\/div>\n\t\t<\/section>\n\t\t\t\t<\/div>","protected":false},"excerpt":{"rendered":"<p>Anfrage Platzreservation Senden sie uns Ihre Reservierungsafnfrage mit unten stehendem Kontaktformular. F\u00fcr die definitive Best\u00e4tigung werden wir Sie anrufen oder Sie erhalten eine Best\u00e4tigungs eMail von uns an Ihre eMail Adresse.<\/p>","protected":false},"author":1,"featured_media":0,"parent":0,"menu_order":0,"comment_status":"closed","ping_status":"closed","template":"elementor_header_footer","meta":{"footnotes":""},"class_list":["post-1160","page","type-page","status-publish","hentry"],"yoast_head":"<!-- This site is optimized with the Yoast SEO plugin v25.6 - https:\/\/yoast.com\/wordpress\/plugins\/seo\/ -->\n<title>Reservation - Platzhirschclub Davos<\/title>\n<meta name=\"robots\" content=\"index, follow, max-snippet:-1, max-image-preview:large, max-video-preview:-1\" \/>\n<link rel=\"canonical\" href=\"https:\/\/www.platzhirschclub-davos.com\/en\/reservation\/\" \/>\n<meta property=\"og:locale\" content=\"en_US\" \/>\n<meta property=\"og:type\" content=\"article\" \/>\n<meta property=\"og:title\" content=\"Reservation - Platzhirschclub Davos\" \/>\n<meta property=\"og:description\" content=\"Anfrage Platzreservation Senden sie uns Ihre Reservierungsafnfrage mit unten stehendem Kontaktformular. F\u00fcr die definitive Best\u00e4tigung werden wir Sie anrufen oder Sie erhalten eine Best\u00e4tigungs eMail von uns an Ihre eMail Adresse.\" \/>\n<meta property=\"og:url\" content=\"https:\/\/www.platzhirschclub-davos.com\/en\/reservation\/\" \/>\n<meta property=\"og:site_name\" content=\"Platzhirschclub Davos\" \/>\n<meta property=\"article:publisher\" content=\"https:\/\/www.facebook.com\/profile.php?id=100059190504497\" \/>\n<meta property=\"article:modified_time\" content=\"2022-12-14T07:40:24+00:00\" \/>\n<meta property=\"og:image\" content=\"https:\/\/www.platzhirschclub-davos.com\/wp-content\/uploads\/2022\/12\/logo3-e1670078676313.png\" \/>\n<meta name=\"twitter:card\" content=\"summary_large_image\" \/>\n<meta name=\"twitter:label1\" content=\"Est. reading time\" \/>\n\t<meta name=\"twitter:data1\" content=\"2 minutes\" \/>\n<script type=\"application\/ld+json\" class=\"yoast-schema-graph\">{\"@context\":\"https:\/\/schema.org\",\"@graph\":[{\"@type\":\"WebPage\",\"@id\":\"https:\/\/www.platzhirschclub-davos.com\/reservation\/\",\"url\":\"https:\/\/www.platzhirschclub-davos.com\/reservation\/\",\"name\":\"Reservation - Platzhirschclub Davos\",\"isPartOf\":{\"@id\":\"https:\/\/www.platzhirschclub-davos.com\/#website\"},\"primaryImageOfPage\":{\"@id\":\"https:\/\/www.platzhirschclub-davos.com\/reservation\/#primaryimage\"},\"image\":{\"@id\":\"https:\/\/www.platzhirschclub-davos.com\/reservation\/#primaryimage\"},\"thumbnailUrl\":\"https:\/\/www.platzhirschclub-davos.com\/wp-content\/uploads\/2022\/12\/logo3-e1670078676313.png\",\"datePublished\":\"2022-12-06T11:17:20+00:00\",\"dateModified\":\"2022-12-14T07:40:24+00:00\",\"breadcrumb\":{\"@id\":\"https:\/\/www.platzhirschclub-davos.com\/reservation\/#breadcrumb\"},\"inLanguage\":\"en-US\",\"potentialAction\":[{\"@type\":\"ReadAction\",\"target\":[\"https:\/\/www.platzhirschclub-davos.com\/reservation\/\"]}]},{\"@type\":\"ImageObject\",\"inLanguage\":\"en-US\",\"@id\":\"https:\/\/www.platzhirschclub-davos.com\/reservation\/#primaryimage\",\"url\":\"https:\/\/www.platzhirschclub-davos.com\/wp-content\/uploads\/2022\/12\/logo3-e1670078676313.png\",\"contentUrl\":\"https:\/\/www.platzhirschclub-davos.com\/wp-content\/uploads\/2022\/12\/logo3-e1670078676313.png\"},{\"@type\":\"BreadcrumbList\",\"@id\":\"https:\/\/www.platzhirschclub-davos.com\/reservation\/#breadcrumb\",\"itemListElement\":[{\"@type\":\"ListItem\",\"position\":1,\"name\":\"Home\",\"item\":\"https:\/\/www.platzhirschclub-davos.com\/\"},{\"@type\":\"ListItem\",\"position\":2,\"name\":\"Reservation\"}]},{\"@type\":\"WebSite\",\"@id\":\"https:\/\/www.platzhirschclub-davos.com\/#website\",\"url\":\"https:\/\/www.platzhirschclub-davos.com\/\",\"name\":\"Platzhirschclub Davos\",\"description\":\"Bar | Lounge | Club\",\"publisher\":{\"@id\":\"https:\/\/www.platzhirschclub-davos.com\/#organization\"},\"potentialAction\":[{\"@type\":\"SearchAction\",\"target\":{\"@type\":\"EntryPoint\",\"urlTemplate\":\"https:\/\/www.platzhirschclub-davos.com\/?s={search_term_string}\"},\"query-input\":{\"@type\":\"PropertyValueSpecification\",\"valueRequired\":true,\"valueName\":\"search_term_string\"}}],\"inLanguage\":\"en-US\"},{\"@type\":\"Organization\",\"@id\":\"https:\/\/www.platzhirschclub-davos.com\/#organization\",\"name\":\"Platzhirschclub Davos\",\"url\":\"https:\/\/www.platzhirschclub-davos.com\/\",\"logo\":{\"@type\":\"ImageObject\",\"inLanguage\":\"en-US\",\"@id\":\"https:\/\/www.platzhirschclub-davos.com\/#\/schema\/logo\/image\/\",\"url\":\"https:\/\/www.platzhirschclub-davos.com\/wp-content\/uploads\/2022\/12\/cropped-logo3-e1670078676313.png\",\"contentUrl\":\"https:\/\/www.platzhirschclub-davos.com\/wp-content\/uploads\/2022\/12\/cropped-logo3-e1670078676313.png\",\"width\":190,\"height\":190,\"caption\":\"Platzhirschclub Davos\"},\"image\":{\"@id\":\"https:\/\/www.platzhirschclub-davos.com\/#\/schema\/logo\/image\/\"},\"sameAs\":[\"https:\/\/www.facebook.com\/profile.php?id=100059190504497\",\"https:\/\/www.instagram.com\/platzhirschclub\/\"]}]}<\/script>\n<!-- \/ Yoast SEO plugin. -->","yoast_head_json":{"title":"Reservation - Platzhirschclub Davos","robots":{"index":"index","follow":"follow","max-snippet":"max-snippet:-1","max-image-preview":"max-image-preview:large","max-video-preview":"max-video-preview:-1"},"canonical":"https:\/\/www.platzhirschclub-davos.com\/en\/reservation\/","og_locale":"en_US","og_type":"article","og_title":"Reservation - Platzhirschclub Davos","og_description":"Anfrage Platzreservation Senden sie uns Ihre Reservierungsafnfrage mit unten stehendem Kontaktformular. F\u00fcr die definitive Best\u00e4tigung werden wir Sie anrufen oder Sie erhalten eine Best\u00e4tigungs eMail von uns an Ihre eMail Adresse.","og_url":"https:\/\/www.platzhirschclub-davos.com\/en\/reservation\/","og_site_name":"Platzhirschclub Davos","article_publisher":"https:\/\/www.facebook.com\/profile.php?id=100059190504497","article_modified_time":"2022-12-14T07:40:24+00:00","og_image":[{"url":"https:\/\/www.platzhirschclub-davos.com\/wp-content\/uploads\/2022\/12\/logo3-e1670078676313.png","type":"","width":"","height":""}],"twitter_card":"summary_large_image","twitter_misc":{"Est. reading time":"2 minutes"},"schema":{"@context":"https:\/\/schema.org","@graph":[{"@type":"WebPage","@id":"https:\/\/www.platzhirschclub-davos.com\/reservation\/","url":"https:\/\/www.platzhirschclub-davos.com\/reservation\/","name":"Reservation - Platzhirschclub Davos","isPartOf":{"@id":"https:\/\/www.platzhirschclub-davos.com\/#website"},"primaryImageOfPage":{"@id":"https:\/\/www.platzhirschclub-davos.com\/reservation\/#primaryimage"},"image":{"@id":"https:\/\/www.platzhirschclub-davos.com\/reservation\/#primaryimage"},"thumbnailUrl":"https:\/\/www.platzhirschclub-davos.com\/wp-content\/uploads\/2022\/12\/logo3-e1670078676313.png","datePublished":"2022-12-06T11:17:20+00:00","dateModified":"2022-12-14T07:40:24+00:00","breadcrumb":{"@id":"https:\/\/www.platzhirschclub-davos.com\/reservation\/#breadcrumb"},"inLanguage":"en-US","potentialAction":[{"@type":"ReadAction","target":["https:\/\/www.platzhirschclub-davos.com\/reservation\/"]}]},{"@type":"ImageObject","inLanguage":"en-US","@id":"https:\/\/www.platzhirschclub-davos.com\/reservation\/#primaryimage","url":"https:\/\/www.platzhirschclub-davos.com\/wp-content\/uploads\/2022\/12\/logo3-e1670078676313.png","contentUrl":"https:\/\/www.platzhirschclub-davos.com\/wp-content\/uploads\/2022\/12\/logo3-e1670078676313.png"},{"@type":"BreadcrumbList","@id":"https:\/\/www.platzhirschclub-davos.com\/reservation\/#breadcrumb","itemListElement":[{"@type":"ListItem","position":1,"name":"Home","item":"https:\/\/www.platzhirschclub-davos.com\/"},{"@type":"ListItem","position":2,"name":"Reservation"}]},{"@type":"WebSite","@id":"https:\/\/www.platzhirschclub-davos.com\/#website","url":"https:\/\/www.platzhirschclub-davos.com\/","name":"Platzhirschclub Davos","description":"Bar | Lounge | Club","publisher":{"@id":"https:\/\/www.platzhirschclub-davos.com\/#organization"},"potentialAction":[{"@type":"SearchAction","target":{"@type":"EntryPoint","urlTemplate":"https:\/\/www.platzhirschclub-davos.com\/?s={search_term_string}"},"query-input":{"@type":"PropertyValueSpecification","valueRequired":true,"valueName":"search_term_string"}}],"inLanguage":"en-US"},{"@type":"Organization","@id":"https:\/\/www.platzhirschclub-davos.com\/#organization","name":"Platzhirschclub Davos","url":"https:\/\/www.platzhirschclub-davos.com\/","logo":{"@type":"ImageObject","inLanguage":"en-US","@id":"https:\/\/www.platzhirschclub-davos.com\/#\/schema\/logo\/image\/","url":"https:\/\/www.platzhirschclub-davos.com\/wp-content\/uploads\/2022\/12\/cropped-logo3-e1670078676313.png","contentUrl":"https:\/\/www.platzhirschclub-davos.com\/wp-content\/uploads\/2022\/12\/cropped-logo3-e1670078676313.png","width":190,"height":190,"caption":"Platzhirschclub Davos"},"image":{"@id":"https:\/\/www.platzhirschclub-davos.com\/#\/schema\/logo\/image\/"},"sameAs":["https:\/\/www.facebook.com\/profile.php?id=100059190504497","https:\/\/www.instagram.com\/platzhirschclub\/"]}]}},"_links":{"self":[{"href":"https:\/\/www.platzhirschclub-davos.com\/en\/wp-json\/wp\/v2\/pages\/1160","targetHints":{"allow":["GET"]}}],"collection":[{"href":"https:\/\/www.platzhirschclub-davos.com\/en\/wp-json\/wp\/v2\/pages"}],"about":[{"href":"https:\/\/www.platzhirschclub-davos.com\/en\/wp-json\/wp\/v2\/types\/page"}],"author":[{"embeddable":true,"href":"https:\/\/www.platzhirschclub-davos.com\/en\/wp-json\/wp\/v2\/users\/1"}],"replies":[{"embeddable":true,"href":"https:\/\/www.platzhirschclub-davos.com\/en\/wp-json\/wp\/v2\/comments?post=1160"}],"version-history":[{"count":0,"href":"https:\/\/www.platzhirschclub-davos.com\/en\/wp-json\/wp\/v2\/pages\/1160\/revisions"}],"wp:attachment":[{"href":"https:\/\/www.platzhirschclub-davos.com\/en\/wp-json\/wp\/v2\/media?parent=1160"}],"curies":[{"name":"wp","href":"https:\/\/api.w.org\/{rel}","templated":true}]}}