{"id":487,"date":"2022-06-12T04:48:09","date_gmt":"2022-06-12T04:48:09","guid":{"rendered":"https:\/\/thethemedemo.com\/nightery\/?page_id=2"},"modified":"2022-12-07T05:31:48","modified_gmt":"2022-12-07T05:31:48","slug":"jobs","status":"publish","type":"page","link":"https:\/\/www.platzhirschclub-davos.com\/en\/jobs\/","title":{"rendered":"We are looking for you"},"content":{"rendered":"<div data-elementor-type=\"wp-page\" data-elementor-id=\"487\" class=\"elementor elementor-487\">\n\t\t\t\t\t\t<section class=\"elementor-section elementor-top-section elementor-element elementor-element-ef3aa7e elementor-section-boxed elementor-section-height-default elementor-section-height-default\" data-id=\"ef3aa7e\" data-element_type=\"section\">\n\t\t\t\t\t\t<div class=\"elementor-container elementor-column-gap-default\">\n\t\t\t\t\t<div class=\"elementor-column elementor-col-100 elementor-top-column elementor-element elementor-element-1299a42\" data-id=\"1299a42\" data-element_type=\"column\">\n\t\t\t<div class=\"elementor-widget-wrap elementor-element-populated\">\n\t\t\t\t\t\t<div class=\"elementor-element elementor-element-b40698d elementor-widget elementor-widget-nightery-section-title\" data-id=\"b40698d\" data-element_type=\"widget\" data-widget_type=\"nightery-section-title.default\">\n\t\t\t\t<div class=\"elementor-widget-container\">\n\t\t\t\t\t        <div class=\"section-title-area text-center\">\r\n\r\n            <!-- Section title text show  -->\r\n                            <h2 class=\"section-title\">We are looking for you!<\/h2>\r\n                        <!-- Section title image\/icon  -->\r\n            <div class=\"section-dividers\">            <\/div>\r\n\r\n\r\n            <!-- Section title description -->\r\n            \r\n        <\/div>\r\n\t\t\t\t<\/div>\n\t\t\t\t<\/div>\n\t\t\t\t\t<\/div>\n\t\t<\/div>\n\t\t\t\t\t<\/div>\n\t\t<\/section>\n\t\t\t\t<section class=\"elementor-section elementor-top-section elementor-element elementor-element-254308b elementor-section-boxed elementor-section-height-default elementor-section-height-default\" data-id=\"254308b\" data-element_type=\"section\">\n\t\t\t\t\t\t<div class=\"elementor-container elementor-column-gap-default\">\n\t\t\t\t\t<div class=\"elementor-column elementor-col-100 elementor-top-column elementor-element elementor-element-f21be43\" data-id=\"f21be43\" data-element_type=\"column\">\n\t\t\t<div class=\"elementor-widget-wrap elementor-element-populated\">\n\t\t\t\t\t\t<div class=\"elementor-element elementor-element-45bd321 elementor-widget elementor-widget-heading\" data-id=\"45bd321\" data-element_type=\"widget\" data-widget_type=\"heading.default\">\n\t\t\t\t<div class=\"elementor-widget-container\">\n\t\t\t\t\t<h2 class=\"elementor-heading-title elementor-size-default\">Temporary help winter season 2022\/23<\/h2>\t\t\t\t<\/div>\n\t\t\t\t<\/div>\n\t\t\t\t\t<\/div>\n\t\t<\/div>\n\t\t\t\t\t<\/div>\n\t\t<\/section>\n\t\t\t\t<section class=\"elementor-section elementor-top-section elementor-element elementor-element-f1243b1 elementor-section-boxed elementor-section-height-default elementor-section-height-default\" data-id=\"f1243b1\" data-element_type=\"section\">\n\t\t\t\t\t\t<div class=\"elementor-container elementor-column-gap-default\">\n\t\t\t\t\t<div class=\"elementor-column elementor-col-100 elementor-top-column elementor-element elementor-element-d98a617\" data-id=\"d98a617\" data-element_type=\"column\">\n\t\t\t<div class=\"elementor-widget-wrap elementor-element-populated\">\n\t\t\t\t\t\t<div class=\"elementor-element elementor-element-a740c22 elementor-widget elementor-widget-text-editor\" data-id=\"a740c22\" data-element_type=\"widget\" data-widget_type=\"text-editor.default\">\n\t\t\t\t<div class=\"elementor-widget-container\">\n\t\t\t\t\t\t\t\t\t<p>For our club we are looking for a young, flexible team player for our bar for the weekends, Spengler Cup and WEF 2023.<\/p><p>They speak fluent German and English and enjoy contact with guests from all over the world.<\/p><p>If you love your job, are flexible and willing to work into the early hours, then we want you.<\/p><p>\u00a0<\/p><p>Contact:<\/p><p>Platzhirsch Davos GmbH<\/p><p>Tarek Elmahdy &#8211; Tel. +41 76 261 40 40<\/p>\t\t\t\t\t\t\t\t<\/div>\n\t\t\t\t<\/div>\n\t\t\t\t\t<\/div>\n\t\t<\/div>\n\t\t\t\t\t<\/div>\n\t\t<\/section>\n\t\t\t\t<\/div>","protected":false},"excerpt":{"rendered":"<p>Wir suchen genau Dich! Aushilfe Wintersaison 2022\/23 F\u00fcr unseren Club suchen wir f\u00fcr die Wochenenden, Spengler Cup und WEF 2023 einen jungen, flexiblen Teamplayer f\u00fcr unsere Bar. Sie sprechen flie\u00dfend Deutsch und Englisch und genie\u00dfen den Kontakt mit G\u00e4sten aus aller Welt. Wenn Sie Ihren Job lieben, flexibel sind und gewillt sind bis in die [&hellip;]<\/p>","protected":false},"author":1,"featured_media":0,"parent":0,"menu_order":0,"comment_status":"closed","ping_status":"open","template":"","meta":{"footnotes":""},"class_list":["post-487","page","type-page","status-publish","hentry"],"yoast_head":"<!-- This site is optimized with the Yoast SEO plugin v25.6 - https:\/\/yoast.com\/wordpress\/plugins\/seo\/ -->\n<title>Wir suchen Dich - Platzhirschclub Davos<\/title>\n<meta name=\"robots\" content=\"index, follow, max-snippet:-1, max-image-preview:large, max-video-preview:-1\" \/>\n<link rel=\"canonical\" href=\"https:\/\/www.platzhirschclub-davos.com\/en\/jobs\/\" \/>\n<meta property=\"og:locale\" content=\"en_US\" \/>\n<meta property=\"og:type\" content=\"article\" \/>\n<meta property=\"og:title\" content=\"Wir suchen Dich - Platzhirschclub Davos\" \/>\n<meta property=\"og:description\" content=\"Wir suchen genau Dich! Aushilfe Wintersaison 2022\/23 F\u00fcr unseren Club suchen wir f\u00fcr die Wochenenden, Spengler Cup und WEF 2023 einen jungen, flexiblen Teamplayer f\u00fcr unsere Bar. Sie sprechen flie\u00dfend Deutsch und Englisch und genie\u00dfen den Kontakt mit G\u00e4sten aus aller Welt. Wenn Sie Ihren Job lieben, flexibel sind und gewillt sind bis in die [&hellip;]\" \/>\n<meta property=\"og:url\" content=\"https:\/\/www.platzhirschclub-davos.com\/en\/jobs\/\" \/>\n<meta property=\"og:site_name\" content=\"Platzhirschclub Davos\" \/>\n<meta property=\"article:publisher\" content=\"https:\/\/www.facebook.com\/profile.php?id=100059190504497\" \/>\n<meta property=\"article:modified_time\" content=\"2022-12-07T05:31:48+00:00\" \/>\n<meta name=\"twitter:card\" content=\"summary_large_image\" \/>\n<script type=\"application\/ld+json\" class=\"yoast-schema-graph\">{\"@context\":\"https:\/\/schema.org\",\"@graph\":[{\"@type\":\"WebPage\",\"@id\":\"https:\/\/www.platzhirschclub-davos.com\/en\/jobs\/\",\"url\":\"https:\/\/www.platzhirschclub-davos.com\/en\/jobs\/\",\"name\":\"Wir suchen Dich - Platzhirschclub Davos\",\"isPartOf\":{\"@id\":\"https:\/\/www.platzhirschclub-davos.com\/#website\"},\"datePublished\":\"2022-06-12T04:48:09+00:00\",\"dateModified\":\"2022-12-07T05:31:48+00:00\",\"breadcrumb\":{\"@id\":\"https:\/\/www.platzhirschclub-davos.com\/en\/jobs\/#breadcrumb\"},\"inLanguage\":\"en-US\",\"potentialAction\":[{\"@type\":\"ReadAction\",\"target\":[\"https:\/\/www.platzhirschclub-davos.com\/en\/jobs\/\"]}]},{\"@type\":\"BreadcrumbList\",\"@id\":\"https:\/\/www.platzhirschclub-davos.com\/en\/jobs\/#breadcrumb\",\"itemListElement\":[{\"@type\":\"ListItem\",\"position\":1,\"name\":\"Home\",\"item\":\"https:\/\/www.platzhirschclub-davos.com\/\"},{\"@type\":\"ListItem\",\"position\":2,\"name\":\"Wir suchen Dich\"}]},{\"@type\":\"WebSite\",\"@id\":\"https:\/\/www.platzhirschclub-davos.com\/#website\",\"url\":\"https:\/\/www.platzhirschclub-davos.com\/\",\"name\":\"Platzhirschclub Davos\",\"description\":\"Bar | Lounge | Club\",\"publisher\":{\"@id\":\"https:\/\/www.platzhirschclub-davos.com\/#organization\"},\"potentialAction\":[{\"@type\":\"SearchAction\",\"target\":{\"@type\":\"EntryPoint\",\"urlTemplate\":\"https:\/\/www.platzhirschclub-davos.com\/?s={search_term_string}\"},\"query-input\":{\"@type\":\"PropertyValueSpecification\",\"valueRequired\":true,\"valueName\":\"search_term_string\"}}],\"inLanguage\":\"en-US\"},{\"@type\":\"Organization\",\"@id\":\"https:\/\/www.platzhirschclub-davos.com\/#organization\",\"name\":\"Platzhirschclub Davos\",\"url\":\"https:\/\/www.platzhirschclub-davos.com\/\",\"logo\":{\"@type\":\"ImageObject\",\"inLanguage\":\"en-US\",\"@id\":\"https:\/\/www.platzhirschclub-davos.com\/#\/schema\/logo\/image\/\",\"url\":\"https:\/\/www.platzhirschclub-davos.com\/wp-content\/uploads\/2022\/12\/cropped-logo3-e1670078676313.png\",\"contentUrl\":\"https:\/\/www.platzhirschclub-davos.com\/wp-content\/uploads\/2022\/12\/cropped-logo3-e1670078676313.png\",\"width\":190,\"height\":190,\"caption\":\"Platzhirschclub Davos\"},\"image\":{\"@id\":\"https:\/\/www.platzhirschclub-davos.com\/#\/schema\/logo\/image\/\"},\"sameAs\":[\"https:\/\/www.facebook.com\/profile.php?id=100059190504497\",\"https:\/\/www.instagram.com\/platzhirschclub\/\"]}]}<\/script>\n<!-- \/ Yoast SEO plugin. -->","yoast_head_json":{"title":"Wir suchen Dich - Platzhirschclub Davos","robots":{"index":"index","follow":"follow","max-snippet":"max-snippet:-1","max-image-preview":"max-image-preview:large","max-video-preview":"max-video-preview:-1"},"canonical":"https:\/\/www.platzhirschclub-davos.com\/en\/jobs\/","og_locale":"en_US","og_type":"article","og_title":"Wir suchen Dich - Platzhirschclub Davos","og_description":"Wir suchen genau Dich! Aushilfe Wintersaison 2022\/23 F\u00fcr unseren Club suchen wir f\u00fcr die Wochenenden, Spengler Cup und WEF 2023 einen jungen, flexiblen Teamplayer f\u00fcr unsere Bar. Sie sprechen flie\u00dfend Deutsch und Englisch und genie\u00dfen den Kontakt mit G\u00e4sten aus aller Welt. Wenn Sie Ihren Job lieben, flexibel sind und gewillt sind bis in die [&hellip;]","og_url":"https:\/\/www.platzhirschclub-davos.com\/en\/jobs\/","og_site_name":"Platzhirschclub Davos","article_publisher":"https:\/\/www.facebook.com\/profile.php?id=100059190504497","article_modified_time":"2022-12-07T05:31:48+00:00","twitter_card":"summary_large_image","schema":{"@context":"https:\/\/schema.org","@graph":[{"@type":"WebPage","@id":"https:\/\/www.platzhirschclub-davos.com\/en\/jobs\/","url":"https:\/\/www.platzhirschclub-davos.com\/en\/jobs\/","name":"Wir suchen Dich - Platzhirschclub Davos","isPartOf":{"@id":"https:\/\/www.platzhirschclub-davos.com\/#website"},"datePublished":"2022-06-12T04:48:09+00:00","dateModified":"2022-12-07T05:31:48+00:00","breadcrumb":{"@id":"https:\/\/www.platzhirschclub-davos.com\/en\/jobs\/#breadcrumb"},"inLanguage":"en-US","potentialAction":[{"@type":"ReadAction","target":["https:\/\/www.platzhirschclub-davos.com\/en\/jobs\/"]}]},{"@type":"BreadcrumbList","@id":"https:\/\/www.platzhirschclub-davos.com\/en\/jobs\/#breadcrumb","itemListElement":[{"@type":"ListItem","position":1,"name":"Home","item":"https:\/\/www.platzhirschclub-davos.com\/"},{"@type":"ListItem","position":2,"name":"Wir suchen Dich"}]},{"@type":"WebSite","@id":"https:\/\/www.platzhirschclub-davos.com\/#website","url":"https:\/\/www.platzhirschclub-davos.com\/","name":"Platzhirschclub Davos","description":"Bar | Lounge | Club","publisher":{"@id":"https:\/\/www.platzhirschclub-davos.com\/#organization"},"potentialAction":[{"@type":"SearchAction","target":{"@type":"EntryPoint","urlTemplate":"https:\/\/www.platzhirschclub-davos.com\/?s={search_term_string}"},"query-input":{"@type":"PropertyValueSpecification","valueRequired":true,"valueName":"search_term_string"}}],"inLanguage":"en-US"},{"@type":"Organization","@id":"https:\/\/www.platzhirschclub-davos.com\/#organization","name":"Platzhirschclub Davos","url":"https:\/\/www.platzhirschclub-davos.com\/","logo":{"@type":"ImageObject","inLanguage":"en-US","@id":"https:\/\/www.platzhirschclub-davos.com\/#\/schema\/logo\/image\/","url":"https:\/\/www.platzhirschclub-davos.com\/wp-content\/uploads\/2022\/12\/cropped-logo3-e1670078676313.png","contentUrl":"https:\/\/www.platzhirschclub-davos.com\/wp-content\/uploads\/2022\/12\/cropped-logo3-e1670078676313.png","width":190,"height":190,"caption":"Platzhirschclub Davos"},"image":{"@id":"https:\/\/www.platzhirschclub-davos.com\/#\/schema\/logo\/image\/"},"sameAs":["https:\/\/www.facebook.com\/profile.php?id=100059190504497","https:\/\/www.instagram.com\/platzhirschclub\/"]}]}},"_links":{"self":[{"href":"https:\/\/www.platzhirschclub-davos.com\/en\/wp-json\/wp\/v2\/pages\/487","targetHints":{"allow":["GET"]}}],"collection":[{"href":"https:\/\/www.platzhirschclub-davos.com\/en\/wp-json\/wp\/v2\/pages"}],"about":[{"href":"https:\/\/www.platzhirschclub-davos.com\/en\/wp-json\/wp\/v2\/types\/page"}],"author":[{"embeddable":true,"href":"https:\/\/www.platzhirschclub-davos.com\/en\/wp-json\/wp\/v2\/users\/1"}],"replies":[{"embeddable":true,"href":"https:\/\/www.platzhirschclub-davos.com\/en\/wp-json\/wp\/v2\/comments?post=487"}],"version-history":[{"count":0,"href":"https:\/\/www.platzhirschclub-davos.com\/en\/wp-json\/wp\/v2\/pages\/487\/revisions"}],"wp:attachment":[{"href":"https:\/\/www.platzhirschclub-davos.com\/en\/wp-json\/wp\/v2\/media?parent=487"}],"curies":[{"name":"wp","href":"https:\/\/api.w.org\/{rel}","templated":true}]}}