{"id":488,"date":"2022-06-12T04:48:09","date_gmt":"2022-06-12T04:48:09","guid":{"rendered":"https:\/\/thethemedemo.com\/nightery\/?page_id=3"},"modified":"2022-12-08T07:59:39","modified_gmt":"2022-12-08T07:59:39","slug":"impressum-platzhirsch","status":"publish","type":"page","link":"https:\/\/www.platzhirschclub-davos.com\/en\/impressum-platzhirsch\/","title":{"rendered":"Impressum Platzhirsch Club Davos"},"content":{"rendered":"<p><strong><em>Kontakt-Adresse<\/em><\/strong><\/p>\n\n\n\n<p>Platzhirsch Davos GmbH<br>Promenade 63<br>7270 Davos Platz<br>Schweiz<\/p>\n\n\n\n<p>E-Mail: info@platzhirschclub-davos.com<\/p>\n\n\n\n<p><strong><em>Vertretungsberechtigte Person(en)<\/em><\/strong> Elmahdy Tarek Gesch\u00e4ftsf\u00fchrer<\/p>\n\n\n\n<p><strong><em>Handelsregister-Eintrag<\/em><\/strong> Eingetragener Firmenname: <strong>Platzhirsch Davos GmbH<\/strong><\/p>\n\n\n\n<p>Unternehmens-Nr (UID): <strong>CHE-308.060.384<\/strong><\/p>\n\n\n\n<p>Mehrwertsteuer-Nummer: <strong>CHE-308.060.384 MWST<\/strong><br><\/p>\n\n\n\n<p><strong><em>Haftungsausschluss<\/em><\/strong>Der Autor \u00fcbernimmt keinerlei Gew\u00e4hr hinsichtlich der inhaltlichen Richtigkeit, Genauigkeit, Aktualit\u00e4t, Zuverl\u00e4ssigkeit und Vollst\u00e4ndigkeit der Informationen.<\/p>\n\n\n\n<p>Haftungsanspr\u00fcche gegen den Autor wegen Sch\u00e4den materieller oder immaterieller Art, welche aus dem Zugriff oder der Nutzung bzw. Nichtnutzung der ver\u00f6ffentlichten Informationen, durch Missbrauch der Verbindung oder durch technische St\u00f6rungen entstanden sind, werden ausgeschlossen.<\/p>\n\n\n\n<p>Alle Angebote sind unverbindlich. Der Autor beh\u00e4lt es sich ausdr\u00fccklich vor, Teile der Seiten oder das gesamte Angebot ohne besondere Ank\u00fcndigung zu ver\u00e4ndern, zu erg\u00e4nzen, zu l\u00f6schen oder die Ver\u00f6ffentlichung zeitweise oder endg\u00fcltig einzustellen.<\/p>\n\n\n\n<p><strong><em>Haftungsausschluss f\u00fcr Links<\/em><\/strong><\/p>\n\n\n\n<p>Verweise und Links auf Webseiten Dritter liegen ausserhalb unseres Verantwortungsbereichs. Es wird jegliche Verantwortung f\u00fcr solche Webseiten abgelehnt. Der Zugriff und die Nutzung solcher Webseiten erfolgen auf eigene Gefahr des jeweiligen Nutzers.<\/p>\n\n\n\n<p><strong><em>Urheberrechte<\/em><\/strong><\/p>\n\n\n\n<p>Die Urheber- und alle anderen Rechte an Inhalten, Bildern, Fotos oder anderen Dateien auf dieser Website, geh\u00f6ren ausschliesslich&nbsp;<strong>der Firma Platzhirsch Davos GmbH<\/strong>&nbsp;oder den speziell genannten Rechteinhabern. F\u00fcr die Reproduktion jeglicher Elemente ist die schriftliche Zustimmung des Urheberrechtstr\u00e4gers im Voraus einzuholen.<br>Quelle:&nbsp;<a href=\"https:\/\/www.swissanwalt.ch\/\" target=\"_blank\" rel=\"noreferrer noopener\">SwissAnwalt<\/a><\/p>","protected":false},"excerpt":{"rendered":"<p>Kontakt-Adresse Platzhirsch Davos GmbHPromenade 637270 Davos PlatzSchweiz E-Mail: info@platzhirschclub-davos.com Vertretungsberechtigte Person(en) Elmahdy Tarek Gesch\u00e4ftsf\u00fchrer Handelsregister-Eintrag Eingetragener Firmenname: Platzhirsch Davos GmbH Unternehmens-Nr (UID): CHE-308.060.384 Mehrwertsteuer-Nummer: CHE-308.060.384 MWST HaftungsausschlussDer Autor \u00fcbernimmt keinerlei Gew\u00e4hr hinsichtlich der inhaltlichen Richtigkeit, Genauigkeit, Aktualit\u00e4t, Zuverl\u00e4ssigkeit und Vollst\u00e4ndigkeit der Informationen. Haftungsanspr\u00fcche gegen den Autor wegen Sch\u00e4den materieller oder immaterieller Art, welche aus dem [&hellip;]<\/p>","protected":false},"author":1,"featured_media":0,"parent":0,"menu_order":0,"comment_status":"closed","ping_status":"open","template":"","meta":{"footnotes":""},"class_list":["post-488","page","type-page","status-publish","hentry"],"yoast_head":"<!-- This site is optimized with the Yoast SEO plugin v25.6 - https:\/\/yoast.com\/wordpress\/plugins\/seo\/ -->\n<title>Impressum Platzhirsch Club Davos - Platzhirschclub Davos<\/title>\n<meta name=\"robots\" content=\"index, follow, max-snippet:-1, max-image-preview:large, max-video-preview:-1\" \/>\n<link rel=\"canonical\" href=\"https:\/\/www.platzhirschclub-davos.com\/en\/impressum-platzhirsch\/\" \/>\n<meta property=\"og:locale\" content=\"en_US\" \/>\n<meta property=\"og:type\" content=\"article\" \/>\n<meta property=\"og:title\" content=\"Impressum Platzhirsch Club Davos - Platzhirschclub Davos\" \/>\n<meta property=\"og:description\" content=\"Kontakt-Adresse Platzhirsch Davos GmbHPromenade 637270 Davos PlatzSchweiz E-Mail: info@platzhirschclub-davos.com Vertretungsberechtigte Person(en) Elmahdy Tarek Gesch\u00e4ftsf\u00fchrer Handelsregister-Eintrag Eingetragener Firmenname: Platzhirsch Davos GmbH Unternehmens-Nr (UID): CHE-308.060.384 Mehrwertsteuer-Nummer: CHE-308.060.384 MWST HaftungsausschlussDer Autor \u00fcbernimmt keinerlei Gew\u00e4hr hinsichtlich der inhaltlichen Richtigkeit, Genauigkeit, Aktualit\u00e4t, Zuverl\u00e4ssigkeit und Vollst\u00e4ndigkeit der Informationen. Haftungsanspr\u00fcche gegen den Autor wegen Sch\u00e4den materieller oder immaterieller Art, welche aus dem [&hellip;]\" \/>\n<meta property=\"og:url\" content=\"https:\/\/www.platzhirschclub-davos.com\/en\/impressum-platzhirsch\/\" \/>\n<meta property=\"og:site_name\" content=\"Platzhirschclub Davos\" \/>\n<meta property=\"article:publisher\" content=\"https:\/\/www.facebook.com\/profile.php?id=100059190504497\" \/>\n<meta property=\"article:modified_time\" content=\"2022-12-08T07:59:39+00:00\" \/>\n<meta name=\"twitter:card\" content=\"summary_large_image\" \/>\n<meta name=\"twitter:label1\" content=\"Est. reading time\" \/>\n\t<meta name=\"twitter:data1\" content=\"1 minute\" \/>\n<script type=\"application\/ld+json\" class=\"yoast-schema-graph\">{\"@context\":\"https:\/\/schema.org\",\"@graph\":[{\"@type\":\"WebPage\",\"@id\":\"https:\/\/www.platzhirschclub-davos.com\/impressum-platzhirsch\/\",\"url\":\"https:\/\/www.platzhirschclub-davos.com\/impressum-platzhirsch\/\",\"name\":\"Impressum Platzhirsch Club Davos - Platzhirschclub Davos\",\"isPartOf\":{\"@id\":\"https:\/\/www.platzhirschclub-davos.com\/#website\"},\"datePublished\":\"2022-06-12T04:48:09+00:00\",\"dateModified\":\"2022-12-08T07:59:39+00:00\",\"breadcrumb\":{\"@id\":\"https:\/\/www.platzhirschclub-davos.com\/impressum-platzhirsch\/#breadcrumb\"},\"inLanguage\":\"en-US\",\"potentialAction\":[{\"@type\":\"ReadAction\",\"target\":[\"https:\/\/www.platzhirschclub-davos.com\/impressum-platzhirsch\/\"]}]},{\"@type\":\"BreadcrumbList\",\"@id\":\"https:\/\/www.platzhirschclub-davos.com\/impressum-platzhirsch\/#breadcrumb\",\"itemListElement\":[{\"@type\":\"ListItem\",\"position\":1,\"name\":\"Home\",\"item\":\"https:\/\/www.platzhirschclub-davos.com\/\"},{\"@type\":\"ListItem\",\"position\":2,\"name\":\"Impressum Platzhirsch Club Davos\"}]},{\"@type\":\"WebSite\",\"@id\":\"https:\/\/www.platzhirschclub-davos.com\/#website\",\"url\":\"https:\/\/www.platzhirschclub-davos.com\/\",\"name\":\"Platzhirschclub Davos\",\"description\":\"Bar | Lounge | Club\",\"publisher\":{\"@id\":\"https:\/\/www.platzhirschclub-davos.com\/#organization\"},\"potentialAction\":[{\"@type\":\"SearchAction\",\"target\":{\"@type\":\"EntryPoint\",\"urlTemplate\":\"https:\/\/www.platzhirschclub-davos.com\/?s={search_term_string}\"},\"query-input\":{\"@type\":\"PropertyValueSpecification\",\"valueRequired\":true,\"valueName\":\"search_term_string\"}}],\"inLanguage\":\"en-US\"},{\"@type\":\"Organization\",\"@id\":\"https:\/\/www.platzhirschclub-davos.com\/#organization\",\"name\":\"Platzhirschclub Davos\",\"url\":\"https:\/\/www.platzhirschclub-davos.com\/\",\"logo\":{\"@type\":\"ImageObject\",\"inLanguage\":\"en-US\",\"@id\":\"https:\/\/www.platzhirschclub-davos.com\/#\/schema\/logo\/image\/\",\"url\":\"https:\/\/www.platzhirschclub-davos.com\/wp-content\/uploads\/2022\/12\/cropped-logo3-e1670078676313.png\",\"contentUrl\":\"https:\/\/www.platzhirschclub-davos.com\/wp-content\/uploads\/2022\/12\/cropped-logo3-e1670078676313.png\",\"width\":190,\"height\":190,\"caption\":\"Platzhirschclub Davos\"},\"image\":{\"@id\":\"https:\/\/www.platzhirschclub-davos.com\/#\/schema\/logo\/image\/\"},\"sameAs\":[\"https:\/\/www.facebook.com\/profile.php?id=100059190504497\",\"https:\/\/www.instagram.com\/platzhirschclub\/\"]}]}<\/script>\n<!-- \/ Yoast SEO plugin. -->","yoast_head_json":{"title":"Impressum Platzhirsch Club Davos - Platzhirschclub Davos","robots":{"index":"index","follow":"follow","max-snippet":"max-snippet:-1","max-image-preview":"max-image-preview:large","max-video-preview":"max-video-preview:-1"},"canonical":"https:\/\/www.platzhirschclub-davos.com\/en\/impressum-platzhirsch\/","og_locale":"en_US","og_type":"article","og_title":"Impressum Platzhirsch Club Davos - Platzhirschclub Davos","og_description":"Kontakt-Adresse Platzhirsch Davos GmbHPromenade 637270 Davos PlatzSchweiz E-Mail: info@platzhirschclub-davos.com Vertretungsberechtigte Person(en) Elmahdy Tarek Gesch\u00e4ftsf\u00fchrer Handelsregister-Eintrag Eingetragener Firmenname: Platzhirsch Davos GmbH Unternehmens-Nr (UID): CHE-308.060.384 Mehrwertsteuer-Nummer: CHE-308.060.384 MWST HaftungsausschlussDer Autor \u00fcbernimmt keinerlei Gew\u00e4hr hinsichtlich der inhaltlichen Richtigkeit, Genauigkeit, Aktualit\u00e4t, Zuverl\u00e4ssigkeit und Vollst\u00e4ndigkeit der Informationen. Haftungsanspr\u00fcche gegen den Autor wegen Sch\u00e4den materieller oder immaterieller Art, welche aus dem [&hellip;]","og_url":"https:\/\/www.platzhirschclub-davos.com\/en\/impressum-platzhirsch\/","og_site_name":"Platzhirschclub Davos","article_publisher":"https:\/\/www.facebook.com\/profile.php?id=100059190504497","article_modified_time":"2022-12-08T07:59:39+00:00","twitter_card":"summary_large_image","twitter_misc":{"Est. reading time":"1 minute"},"schema":{"@context":"https:\/\/schema.org","@graph":[{"@type":"WebPage","@id":"https:\/\/www.platzhirschclub-davos.com\/impressum-platzhirsch\/","url":"https:\/\/www.platzhirschclub-davos.com\/impressum-platzhirsch\/","name":"Impressum Platzhirsch Club Davos - Platzhirschclub Davos","isPartOf":{"@id":"https:\/\/www.platzhirschclub-davos.com\/#website"},"datePublished":"2022-06-12T04:48:09+00:00","dateModified":"2022-12-08T07:59:39+00:00","breadcrumb":{"@id":"https:\/\/www.platzhirschclub-davos.com\/impressum-platzhirsch\/#breadcrumb"},"inLanguage":"en-US","potentialAction":[{"@type":"ReadAction","target":["https:\/\/www.platzhirschclub-davos.com\/impressum-platzhirsch\/"]}]},{"@type":"BreadcrumbList","@id":"https:\/\/www.platzhirschclub-davos.com\/impressum-platzhirsch\/#breadcrumb","itemListElement":[{"@type":"ListItem","position":1,"name":"Home","item":"https:\/\/www.platzhirschclub-davos.com\/"},{"@type":"ListItem","position":2,"name":"Impressum Platzhirsch Club Davos"}]},{"@type":"WebSite","@id":"https:\/\/www.platzhirschclub-davos.com\/#website","url":"https:\/\/www.platzhirschclub-davos.com\/","name":"Platzhirschclub Davos","description":"Bar | Lounge | Club","publisher":{"@id":"https:\/\/www.platzhirschclub-davos.com\/#organization"},"potentialAction":[{"@type":"SearchAction","target":{"@type":"EntryPoint","urlTemplate":"https:\/\/www.platzhirschclub-davos.com\/?s={search_term_string}"},"query-input":{"@type":"PropertyValueSpecification","valueRequired":true,"valueName":"search_term_string"}}],"inLanguage":"en-US"},{"@type":"Organization","@id":"https:\/\/www.platzhirschclub-davos.com\/#organization","name":"Platzhirschclub Davos","url":"https:\/\/www.platzhirschclub-davos.com\/","logo":{"@type":"ImageObject","inLanguage":"en-US","@id":"https:\/\/www.platzhirschclub-davos.com\/#\/schema\/logo\/image\/","url":"https:\/\/www.platzhirschclub-davos.com\/wp-content\/uploads\/2022\/12\/cropped-logo3-e1670078676313.png","contentUrl":"https:\/\/www.platzhirschclub-davos.com\/wp-content\/uploads\/2022\/12\/cropped-logo3-e1670078676313.png","width":190,"height":190,"caption":"Platzhirschclub Davos"},"image":{"@id":"https:\/\/www.platzhirschclub-davos.com\/#\/schema\/logo\/image\/"},"sameAs":["https:\/\/www.facebook.com\/profile.php?id=100059190504497","https:\/\/www.instagram.com\/platzhirschclub\/"]}]}},"_links":{"self":[{"href":"https:\/\/www.platzhirschclub-davos.com\/en\/wp-json\/wp\/v2\/pages\/488","targetHints":{"allow":["GET"]}}],"collection":[{"href":"https:\/\/www.platzhirschclub-davos.com\/en\/wp-json\/wp\/v2\/pages"}],"about":[{"href":"https:\/\/www.platzhirschclub-davos.com\/en\/wp-json\/wp\/v2\/types\/page"}],"author":[{"embeddable":true,"href":"https:\/\/www.platzhirschclub-davos.com\/en\/wp-json\/wp\/v2\/users\/1"}],"replies":[{"embeddable":true,"href":"https:\/\/www.platzhirschclub-davos.com\/en\/wp-json\/wp\/v2\/comments?post=488"}],"version-history":[{"count":0,"href":"https:\/\/www.platzhirschclub-davos.com\/en\/wp-json\/wp\/v2\/pages\/488\/revisions"}],"wp:attachment":[{"href":"https:\/\/www.platzhirschclub-davos.com\/en\/wp-json\/wp\/v2\/media?parent=488"}],"curies":[{"name":"wp","href":"https:\/\/api.w.org\/{rel}","templated":true}]}}